{"id":1045,"date":"2019-09-26T08:28:05","date_gmt":"2019-09-26T08:28:05","guid":{"rendered":"http:\/\/gw-unfall-lack.de\/?page_id=1045"},"modified":"2022-06-03T06:18:22","modified_gmt":"2022-06-03T06:18:22","slug":"unfallreparatur","status":"publish","type":"page","link":"https:\/\/gw-unfall-lack.de\/?page_id=1045","title":{"rendered":"Unfallreparatur"},"content":{"rendered":"\t\t<div data-elementor-type=\"wp-page\" data-elementor-id=\"1045\" class=\"elementor elementor-1045\">\n\t\t\t\t\t\t<section class=\"elementor-section elementor-top-section elementor-element elementor-element-3ba9d100 elementor-section-height-min-height elementor-section-content-middle elementor-section-boxed elementor-section-height-default elementor-section-items-middle\" data-id=\"3ba9d100\" data-element_type=\"section\" data-settings=\"{&quot;background_background&quot;:&quot;classic&quot;}\">\n\t\t\t\t\t\t\t<div class=\"elementor-background-overlay\"><\/div>\n\t\t\t\t\t\t\t<div class=\"elementor-container elementor-column-gap-no\">\n\t\t\t\t\t<div class=\"elementor-column elementor-col-100 elementor-top-column elementor-element elementor-element-4c87a3b4\" data-id=\"4c87a3b4\" data-element_type=\"column\">\n\t\t\t<div class=\"elementor-widget-wrap elementor-element-populated\">\n\t\t\t\t\t\t<div class=\"elementor-element elementor-element-53433e19 elementor-widget elementor-widget-heading\" data-id=\"53433e19\" data-element_type=\"widget\" data-widget_type=\"heading.default\">\n\t\t\t\t<div class=\"elementor-widget-container\">\n\t\t\t\t\t<h2 class=\"elementor-heading-title elementor-size-default\">Unfallreparatur<\/h2>\t\t\t\t<\/div>\n\t\t\t\t<\/div>\n\t\t\t\t<div class=\"elementor-element elementor-element-6f8a9395 elementor-widget elementor-widget-text-editor\" data-id=\"6f8a9395\" data-element_type=\"widget\" data-widget_type=\"text-editor.default\">\n\t\t\t\t<div class=\"elementor-widget-container\">\n\t\t\t\t\t\t\t\t\t<p>Die Unfallreparatur bildet unser Kerngesch\u00e4ft.<br \/>Vom kleinen Parkrempler bis zum Einschwei\u00dfen neuer Teile sind Sie bei uns richtig.<\/p>\t\t\t\t\t\t\t\t<\/div>\n\t\t\t\t<\/div>\n\t\t\t\t\t<\/div>\n\t\t<\/div>\n\t\t\t\t\t<\/div>\n\t\t<\/section>\n\t\t\t\t<section class=\"elementor-section elementor-top-section elementor-element elementor-element-6141c13 elementor-section-boxed elementor-section-height-default elementor-section-height-default\" data-id=\"6141c13\" data-element_type=\"section\">\n\t\t\t\t\t\t\t<div class=\"elementor-background-overlay\"><\/div>\n\t\t\t\t\t\t\t<div class=\"elementor-container elementor-column-gap-default\">\n\t\t\t\t\t<div class=\"elementor-column elementor-col-100 elementor-top-column elementor-element elementor-element-f3a3347\" data-id=\"f3a3347\" data-element_type=\"column\">\n\t\t\t<div class=\"elementor-widget-wrap elementor-element-populated\">\n\t\t\t\t\t\t<div class=\"elementor-element elementor-element-4149622 elementor-widget elementor-widget-heading\" data-id=\"4149622\" data-element_type=\"widget\" data-widget_type=\"heading.default\">\n\t\t\t\t<div class=\"elementor-widget-container\">\n\t\t\t\t\t<h2 class=\"elementor-heading-title elementor-size-default\">Unfallreparatur Sorglospaket<\/h2>\t\t\t\t<\/div>\n\t\t\t\t<\/div>\n\t\t\t\t\t<\/div>\n\t\t<\/div>\n\t\t\t\t\t<\/div>\n\t\t<\/section>\n\t\t\t\t<section class=\"elementor-section elementor-top-section elementor-element elementor-element-2fa59ee elementor-section-boxed elementor-section-height-default elementor-section-height-default\" data-id=\"2fa59ee\" data-element_type=\"section\">\n\t\t\t\t\t\t\t<div class=\"elementor-background-overlay\"><\/div>\n\t\t\t\t\t\t\t<div class=\"elementor-container elementor-column-gap-default\">\n\t\t\t\t\t<div class=\"elementor-column elementor-col-100 elementor-top-column elementor-element elementor-element-0198f4d\" data-id=\"0198f4d\" data-element_type=\"column\">\n\t\t\t<div class=\"elementor-widget-wrap elementor-element-populated\">\n\t\t\t\t\t\t<div class=\"elementor-element elementor-element-3b1f723 elementor-widget elementor-widget-text-editor\" data-id=\"3b1f723\" data-element_type=\"widget\" data-widget_type=\"text-editor.default\">\n\t\t\t\t<div class=\"elementor-widget-container\">\n\t\t\t\t\t\t\t\t\t<h3 style=\"text-align: center;\"><span style=\"color: #fdec2e;\"><em><br \/>Unfall!\u00a0 Was nun?<\/em> <br \/><\/span><\/h3><p style=\"text-align: center;\"><strong><span style=\"text-decoration: underline;\">Wir lassen Sie nicht allein!<\/span><\/strong><\/p><p style=\"text-align: center;\">Von der Annahme bis zur Auslieferung Ihres Unfallfahrzeuges \u00fcbernehmen wir s\u00e4mtliche Reparaturarbeiten nach Herstellervorgaben und Garantie.<br \/>Auf Wunsch ziehen wir einen unabh\u00e4ngigen Gutachter, sowie einen Rechtsanwalt f\u00fcr Verkehrsrecht hinzu.<\/p>\t\t\t\t\t\t\t\t<\/div>\n\t\t\t\t<\/div>\n\t\t\t\t\t<\/div>\n\t\t<\/div>\n\t\t\t\t\t<\/div>\n\t\t<\/section>\n\t\t\t\t<section class=\"elementor-section elementor-top-section elementor-element elementor-element-c64e6e1 elementor-section-full_width elementor-section-height-default elementor-section-height-default\" data-id=\"c64e6e1\" data-element_type=\"section\" data-settings=\"{&quot;background_background&quot;:&quot;gradient&quot;}\">\n\t\t\t\t\t\t\t<div class=\"elementor-background-overlay\"><\/div>\n\t\t\t\t\t\t\t<div class=\"elementor-container elementor-column-gap-no\">\n\t\t\t\t\t<div class=\"elementor-column elementor-col-100 elementor-top-column elementor-element elementor-element-631d9cc\" data-id=\"631d9cc\" data-element_type=\"column\">\n\t\t\t<div class=\"elementor-widget-wrap elementor-element-populated\">\n\t\t\t\t\t\t<div class=\"elementor-element elementor-element-92bfc07 elementor-widget elementor-widget-heading\" data-id=\"92bfc07\" data-element_type=\"widget\" data-widget_type=\"heading.default\">\n\t\t\t\t<div class=\"elementor-widget-container\">\n\t\t\t\t\t<h2 class=\"elementor-heading-title elementor-size-default\">Anfahrt<\/h2>\t\t\t\t<\/div>\n\t\t\t\t<\/div>\n\t\t\t\t<div class=\"elementor-element elementor-element-c8a1b04 elementor-widget elementor-widget-google_maps\" data-id=\"c8a1b04\" data-element_type=\"widget\" data-widget_type=\"google_maps.default\">\n\t\t\t\t<div class=\"elementor-widget-container\">\n\t\t\t\t\t\t\t<div class=\"elementor-custom-embed\">\n\t\t\t<iframe loading=\"lazy\"\n\t\t\t\t\tsrc=\"https:\/\/maps.google.com\/maps?q=Revalstra%C3%9Fe%202%2C%2023556%20L%C3%BCbeck&#038;t=m&#038;z=16&#038;output=embed&#038;iwloc=near\"\n\t\t\t\t\ttitle=\"Revalstra\u00dfe 2, 23556 L\u00fcbeck\"\n\t\t\t\t\taria-label=\"Revalstra\u00dfe 2, 23556 L\u00fcbeck\"\n\t\t\t><\/iframe>\n\t\t<\/div>\n\t\t\t\t\t\t<\/div>\n\t\t\t\t<\/div>\n\t\t\t\t\t<\/div>\n\t\t<\/div>\n\t\t\t\t\t<\/div>\n\t\t<\/section>\n\t\t\t\t<section class=\"elementor-section elementor-inner-section elementor-element elementor-element-75806ac elementor-section-content-middle elementor-section-boxed elementor-section-height-default elementor-section-height-default\" data-id=\"75806ac\" data-element_type=\"section\">\n\t\t\t\t\t\t\t<div class=\"elementor-background-overlay\"><\/div>\n\t\t\t\t\t\t\t<div class=\"elementor-container elementor-column-gap-no\">\n\t\t\t\t\t<div class=\"elementor-column elementor-col-25 elementor-inner-column elementor-element elementor-element-37625be\" data-id=\"37625be\" data-element_type=\"column\">\n\t\t\t<div class=\"elementor-widget-wrap elementor-element-populated\">\n\t\t\t\t\t\t<div class=\"elementor-element elementor-element-eebcd20 elementor-widget elementor-widget-heading\" data-id=\"eebcd20\" data-element_type=\"widget\" data-widget_type=\"heading.default\">\n\t\t\t\t<div class=\"elementor-widget-container\">\n\t\t\t\t\t<h6 class=\"elementor-heading-title elementor-size-default\">Standort<\/h6>\t\t\t\t<\/div>\n\t\t\t\t<\/div>\n\t\t\t\t<div class=\"elementor-element elementor-element-a39a827 elementor-widget elementor-widget-text-editor\" data-id=\"a39a827\" data-element_type=\"widget\" data-widget_type=\"text-editor.default\">\n\t\t\t\t<div class=\"elementor-widget-container\">\n\t\t\t\t\t\t\t\t\t<p>Revalstra\u00dfe 2<br \/>23560 L\u00fcbeck<\/p>\t\t\t\t\t\t\t\t<\/div>\n\t\t\t\t<\/div>\n\t\t\t\t\t<\/div>\n\t\t<\/div>\n\t\t\t\t<div class=\"elementor-column elementor-col-25 elementor-inner-column elementor-element elementor-element-ac96801\" data-id=\"ac96801\" data-element_type=\"column\">\n\t\t\t<div class=\"elementor-widget-wrap elementor-element-populated\">\n\t\t\t\t\t\t<div class=\"elementor-element elementor-element-020b197 elementor-widget elementor-widget-heading\" data-id=\"020b197\" data-element_type=\"widget\" data-widget_type=\"heading.default\">\n\t\t\t\t<div class=\"elementor-widget-container\">\n\t\t\t\t\t<h6 class=\"elementor-heading-title elementor-size-default\">\u00d6ffnungszeiten<\/h6>\t\t\t\t<\/div>\n\t\t\t\t<\/div>\n\t\t\t\t<div class=\"elementor-element elementor-element-4c3c1de elementor-widget elementor-widget-text-editor\" data-id=\"4c3c1de\" data-element_type=\"widget\" data-widget_type=\"text-editor.default\">\n\t\t\t\t<div class=\"elementor-widget-container\">\n\t\t\t\t\t\t\t\t\t<p>Mo. \u2013 Do.: 7:00 \u2013 17:00 Uhr<br \/>\u00a0\u00a0\u00a0\u00a0\u00a0\u00a0\u00a0\u00a0 \u00a0 Fr.: 6:00 \u2013 13:30 Uhr<\/p>\t\t\t\t\t\t\t\t<\/div>\n\t\t\t\t<\/div>\n\t\t\t\t\t<\/div>\n\t\t<\/div>\n\t\t\t\t<div class=\"elementor-column elementor-col-25 elementor-inner-column elementor-element elementor-element-f3a8fa4\" data-id=\"f3a8fa4\" data-element_type=\"column\">\n\t\t\t<div class=\"elementor-widget-wrap elementor-element-populated\">\n\t\t\t\t\t\t<div class=\"elementor-element elementor-element-ba0f533 elementor-widget elementor-widget-heading\" data-id=\"ba0f533\" data-element_type=\"widget\" data-widget_type=\"heading.default\">\n\t\t\t\t<div class=\"elementor-widget-container\">\n\t\t\t\t\t<h6 class=\"elementor-heading-title elementor-size-default\">Kontakt<\/h6>\t\t\t\t<\/div>\n\t\t\t\t<\/div>\n\t\t\t\t<div class=\"elementor-element elementor-element-2287b44 elementor-widget elementor-widget-text-editor\" data-id=\"2287b44\" data-element_type=\"widget\" data-widget_type=\"text-editor.default\">\n\t\t\t\t<div class=\"elementor-widget-container\">\n\t\t\t\t\t\t\t\t\t<p>Tel.: 0451 2903732<br \/>Email: <a href=\"mailto:info@gw-unfall-lack.de?Subject=Anfrage\" target=\"_top\"><span style=\"color: #fdec2e;\">info@gw-unfall-lack.de<\/span><\/a><br \/><br \/><br \/><br \/><\/p>\t\t\t\t\t\t\t\t<\/div>\n\t\t\t\t<\/div>\n\t\t\t\t\t<\/div>\n\t\t<\/div>\n\t\t\t\t<div class=\"elementor-column elementor-col-25 elementor-inner-column elementor-element elementor-element-89c17c4\" data-id=\"89c17c4\" data-element_type=\"column\">\n\t\t\t<div class=\"elementor-widget-wrap elementor-element-populated\">\n\t\t\t\t\t\t<div class=\"elementor-element elementor-element-320ff79 elementor-widget elementor-widget-heading\" data-id=\"320ff79\" data-element_type=\"widget\" data-widget_type=\"heading.default\">\n\t\t\t\t<div class=\"elementor-widget-container\">\n\t\t\t\t\t<h6 class=\"elementor-heading-title elementor-size-default\">Erreichbarkeit<\/h6>\t\t\t\t<\/div>\n\t\t\t\t<\/div>\n\t\t\t\t<div class=\"elementor-element elementor-element-e00c38b elementor-widget elementor-widget-text-editor\" data-id=\"e00c38b\" data-element_type=\"widget\" data-widget_type=\"text-editor.default\">\n\t\t\t\t<div class=\"elementor-widget-container\">\n\t\t\t\t\t\t\t\t\t<p style=\"text-align: center;\">Sie k\u00f6nnen uns mit den folgenden Buslinien an der jeweiligen Haltestelle erreichen:<br \/>15 &#8211; Revalstra\u00dfe<br \/>\u00a016 &#8211; Malm\u00f6stra\u00dfe<br \/>\u00a0\u00a0 7 &#8211; Hinter den Kirschkaten<\/p>\t\t\t\t\t\t\t\t<\/div>\n\t\t\t\t<\/div>\n\t\t\t\t\t<\/div>\n\t\t<\/div>\n\t\t\t\t\t<\/div>\n\t\t<\/section>\n\t\t\t\t<\/div>\n\t\t","protected":false},"excerpt":{"rendered":"<p>Unfallreparatur Die Unfallreparatur bildet unser Kerngesch\u00e4ft.Vom kleinen Parkrempler bis zum Einschwei\u00dfen neuer Teile sind Sie bei uns richtig. Unfallreparatur Sorglospaket Unfall!\u00a0 Was nun? Wir lassen Sie nicht allein! Von der Annahme bis zur Auslieferung Ihres Unfallfahrzeuges \u00fcbernehmen wir s\u00e4mtliche Reparaturarbeiten nach Herstellervorgaben und Garantie.Auf Wunsch ziehen wir einen unabh\u00e4ngigen Gutachter, sowie einen Rechtsanwalt f\u00fcr Verkehrsrecht &hellip;<\/p>\n<p class=\"read-more\"> <a class=\"\" href=\"https:\/\/gw-unfall-lack.de\/?page_id=1045\"> <span class=\"screen-reader-text\">Unfallreparatur<\/span> Weiterlesen &raquo;<\/a><\/p>\n","protected":false},"author":1,"featured_media":0,"parent":0,"menu_order":0,"comment_status":"closed","ping_status":"closed","template":"","meta":{"_uag_custom_page_level_css":"","site-sidebar-layout":"no-sidebar","site-content-layout":"page-builder","ast-site-content-layout":"","site-content-style":"default","site-sidebar-style":"default","ast-global-header-display":"","ast-banner-title-visibility":"","ast-main-header-display":"","ast-hfb-above-header-display":"","ast-hfb-below-header-display":"","ast-hfb-mobile-header-display":"","site-post-title":"disabled","ast-breadcrumbs-content":"","ast-featured-img":"disabled","footer-sml-layout":"","theme-transparent-header-meta":"default","adv-header-id-meta":"","stick-header-meta":"","header-above-stick-meta":"","header-main-stick-meta":"","header-below-stick-meta":"","astra-migrate-meta-layouts":"","ast-page-background-enabled":"default","ast-page-background-meta":{"desktop":{"background-color":"","background-image":"","background-repeat":"repeat","background-position":"center center","background-size":"auto","background-attachment":"scroll","background-type":"","background-media":"","overlay-type":"","overlay-color":"","overlay-gradient":""},"tablet":{"background-color":"","background-image":"","background-repeat":"repeat","background-position":"center center","background-size":"auto","background-attachment":"scroll","background-type":"","background-media":"","overlay-type":"","overlay-color":"","overlay-gradient":""},"mobile":{"background-color":"","background-image":"","background-repeat":"repeat","background-position":"center center","background-size":"auto","background-attachment":"scroll","background-type":"","background-media":"","overlay-type":"","overlay-color":"","overlay-gradient":""}},"ast-content-background-meta":{"desktop":{"background-color":"var(--ast-global-color-5)","background-image":"","background-repeat":"repeat","background-position":"center center","background-size":"auto","background-attachment":"scroll","background-type":"","background-media":"","overlay-type":"","overlay-color":"","overlay-gradient":""},"tablet":{"background-color":"var(--ast-global-color-5)","background-image":"","background-repeat":"repeat","background-position":"center center","background-size":"auto","background-attachment":"scroll","background-type":"","background-media":"","overlay-type":"","overlay-color":"","overlay-gradient":""},"mobile":{"background-color":"var(--ast-global-color-5)","background-image":"","background-repeat":"repeat","background-position":"center center","background-size":"auto","background-attachment":"scroll","background-type":"","background-media":"","overlay-type":"","overlay-color":"","overlay-gradient":""}},"footnotes":""},"class_list":["post-1045","page","type-page","status-publish","hentry"],"yoast_head":"<!-- This site is optimized with the Yoast SEO plugin v24.5 - https:\/\/yoast.com\/wordpress\/plugins\/seo\/ -->\n<title>Unfallreparatur - Gradtke und Wieczorek GmbH<\/title>\n<meta name=\"description\" content=\"Lackierungen, Spot Repair, Industrielackierung, Reparaturen, Unfallreparatur, Autoglasreparatur, Kleinreparaturen, Oldtimerlackierungen uvm.\" \/>\n<meta name=\"robots\" content=\"index, follow, max-snippet:-1, max-image-preview:large, max-video-preview:-1\" \/>\n<link rel=\"canonical\" href=\"https:\/\/gw-unfall-lack.de\/?page_id=1045\" \/>\n<meta property=\"og:locale\" content=\"de_DE\" \/>\n<meta property=\"og:type\" content=\"article\" \/>\n<meta property=\"og:title\" content=\"Unfallreparatur - Gradtke und Wieczorek GmbH\" \/>\n<meta property=\"og:description\" content=\"Lackierungen, Spot Repair, Industrielackierung, Reparaturen, Unfallreparatur, Autoglasreparatur, Kleinreparaturen, Oldtimerlackierungen uvm.\" \/>\n<meta property=\"og:url\" content=\"https:\/\/gw-unfall-lack.de\/?page_id=1045\" \/>\n<meta property=\"og:site_name\" content=\"Gradtke und Wieczorek GmbH\" \/>\n<meta property=\"article:modified_time\" content=\"2022-06-03T06:18:22+00:00\" \/>\n<meta name=\"twitter:card\" content=\"summary_large_image\" \/>\n<meta name=\"twitter:label1\" content=\"Gesch\u00e4tzte Lesezeit\" \/>\n\t<meta name=\"twitter:data1\" content=\"1\u00a0Minute\" \/>\n<script type=\"application\/ld+json\" class=\"yoast-schema-graph\">{\"@context\":\"https:\/\/schema.org\",\"@graph\":[{\"@type\":\"WebPage\",\"@id\":\"https:\/\/gw-unfall-lack.de\/?page_id=1045\",\"url\":\"https:\/\/gw-unfall-lack.de\/?page_id=1045\",\"name\":\"Unfallreparatur - Gradtke und Wieczorek GmbH\",\"isPartOf\":{\"@id\":\"https:\/\/gw-unfall-lack.de\/#website\"},\"datePublished\":\"2019-09-26T08:28:05+00:00\",\"dateModified\":\"2022-06-03T06:18:22+00:00\",\"description\":\"Lackierungen, Spot Repair, Industrielackierung, Reparaturen, Unfallreparatur, Autoglasreparatur, Kleinreparaturen, Oldtimerlackierungen uvm.\",\"breadcrumb\":{\"@id\":\"https:\/\/gw-unfall-lack.de\/?page_id=1045#breadcrumb\"},\"inLanguage\":\"de\",\"potentialAction\":[{\"@type\":\"ReadAction\",\"target\":[\"https:\/\/gw-unfall-lack.de\/?page_id=1045\"]}]},{\"@type\":\"BreadcrumbList\",\"@id\":\"https:\/\/gw-unfall-lack.de\/?page_id=1045#breadcrumb\",\"itemListElement\":[{\"@type\":\"ListItem\",\"position\":1,\"name\":\"Startseite\",\"item\":\"https:\/\/gw-unfall-lack.de\/\"},{\"@type\":\"ListItem\",\"position\":2,\"name\":\"Unfallreparatur\"}]},{\"@type\":\"WebSite\",\"@id\":\"https:\/\/gw-unfall-lack.de\/#website\",\"url\":\"https:\/\/gw-unfall-lack.de\/\",\"name\":\"Gradtke und Wieczorek GmbH\",\"description\":\"Fahrzeuglackierung - Lackierung | Spot Repair | Industrielackierung | Reparatur | Unfallreparatur | Autoglasreparatur\",\"publisher\":{\"@id\":\"https:\/\/gw-unfall-lack.de\/#organization\"},\"potentialAction\":[{\"@type\":\"SearchAction\",\"target\":{\"@type\":\"EntryPoint\",\"urlTemplate\":\"https:\/\/gw-unfall-lack.de\/?s={search_term_string}\"},\"query-input\":{\"@type\":\"PropertyValueSpecification\",\"valueRequired\":true,\"valueName\":\"search_term_string\"}}],\"inLanguage\":\"de\"},{\"@type\":\"Organization\",\"@id\":\"https:\/\/gw-unfall-lack.de\/#organization\",\"name\":\"Gradtke und Wieczorek Fahrzeuglackierung und Unfallreparatur\",\"url\":\"https:\/\/gw-unfall-lack.de\/\",\"logo\":{\"@type\":\"ImageObject\",\"inLanguage\":\"de\",\"@id\":\"https:\/\/gw-unfall-lack.de\/#\/schema\/logo\/image\/\",\"url\":\"https:\/\/i0.wp.com\/gw-unfall-lack.de\/wp-content\/uploads\/2019\/10\/cropped-Logo_GW-1.png?fit=1233%2C294&ssl=1\",\"contentUrl\":\"https:\/\/i0.wp.com\/gw-unfall-lack.de\/wp-content\/uploads\/2019\/10\/cropped-Logo_GW-1.png?fit=1233%2C294&ssl=1\",\"width\":1233,\"height\":294,\"caption\":\"Gradtke und Wieczorek Fahrzeuglackierung und Unfallreparatur\"},\"image\":{\"@id\":\"https:\/\/gw-unfall-lack.de\/#\/schema\/logo\/image\/\"}}]}<\/script>\n<!-- \/ Yoast SEO plugin. -->","yoast_head_json":{"title":"Unfallreparatur - Gradtke und Wieczorek GmbH","description":"Lackierungen, Spot Repair, Industrielackierung, Reparaturen, Unfallreparatur, Autoglasreparatur, Kleinreparaturen, Oldtimerlackierungen uvm.","robots":{"index":"index","follow":"follow","max-snippet":"max-snippet:-1","max-image-preview":"max-image-preview:large","max-video-preview":"max-video-preview:-1"},"canonical":"https:\/\/gw-unfall-lack.de\/?page_id=1045","og_locale":"de_DE","og_type":"article","og_title":"Unfallreparatur - Gradtke und Wieczorek GmbH","og_description":"Lackierungen, Spot Repair, Industrielackierung, Reparaturen, Unfallreparatur, Autoglasreparatur, Kleinreparaturen, Oldtimerlackierungen uvm.","og_url":"https:\/\/gw-unfall-lack.de\/?page_id=1045","og_site_name":"Gradtke und Wieczorek GmbH","article_modified_time":"2022-06-03T06:18:22+00:00","twitter_card":"summary_large_image","twitter_misc":{"Gesch\u00e4tzte Lesezeit":"1\u00a0Minute"},"schema":{"@context":"https:\/\/schema.org","@graph":[{"@type":"WebPage","@id":"https:\/\/gw-unfall-lack.de\/?page_id=1045","url":"https:\/\/gw-unfall-lack.de\/?page_id=1045","name":"Unfallreparatur - Gradtke und Wieczorek GmbH","isPartOf":{"@id":"https:\/\/gw-unfall-lack.de\/#website"},"datePublished":"2019-09-26T08:28:05+00:00","dateModified":"2022-06-03T06:18:22+00:00","description":"Lackierungen, Spot Repair, Industrielackierung, Reparaturen, Unfallreparatur, Autoglasreparatur, Kleinreparaturen, Oldtimerlackierungen uvm.","breadcrumb":{"@id":"https:\/\/gw-unfall-lack.de\/?page_id=1045#breadcrumb"},"inLanguage":"de","potentialAction":[{"@type":"ReadAction","target":["https:\/\/gw-unfall-lack.de\/?page_id=1045"]}]},{"@type":"BreadcrumbList","@id":"https:\/\/gw-unfall-lack.de\/?page_id=1045#breadcrumb","itemListElement":[{"@type":"ListItem","position":1,"name":"Startseite","item":"https:\/\/gw-unfall-lack.de\/"},{"@type":"ListItem","position":2,"name":"Unfallreparatur"}]},{"@type":"WebSite","@id":"https:\/\/gw-unfall-lack.de\/#website","url":"https:\/\/gw-unfall-lack.de\/","name":"Gradtke und Wieczorek GmbH","description":"Fahrzeuglackierung - Lackierung | Spot Repair | Industrielackierung | Reparatur | Unfallreparatur | Autoglasreparatur","publisher":{"@id":"https:\/\/gw-unfall-lack.de\/#organization"},"potentialAction":[{"@type":"SearchAction","target":{"@type":"EntryPoint","urlTemplate":"https:\/\/gw-unfall-lack.de\/?s={search_term_string}"},"query-input":{"@type":"PropertyValueSpecification","valueRequired":true,"valueName":"search_term_string"}}],"inLanguage":"de"},{"@type":"Organization","@id":"https:\/\/gw-unfall-lack.de\/#organization","name":"Gradtke und Wieczorek Fahrzeuglackierung und Unfallreparatur","url":"https:\/\/gw-unfall-lack.de\/","logo":{"@type":"ImageObject","inLanguage":"de","@id":"https:\/\/gw-unfall-lack.de\/#\/schema\/logo\/image\/","url":"https:\/\/i0.wp.com\/gw-unfall-lack.de\/wp-content\/uploads\/2019\/10\/cropped-Logo_GW-1.png?fit=1233%2C294&ssl=1","contentUrl":"https:\/\/i0.wp.com\/gw-unfall-lack.de\/wp-content\/uploads\/2019\/10\/cropped-Logo_GW-1.png?fit=1233%2C294&ssl=1","width":1233,"height":294,"caption":"Gradtke und Wieczorek Fahrzeuglackierung und Unfallreparatur"},"image":{"@id":"https:\/\/gw-unfall-lack.de\/#\/schema\/logo\/image\/"}}]}},"uagb_featured_image_src":{"full":false,"thumbnail":false,"medium":false,"medium_large":false,"large":false,"1536x1536":false,"2048x2048":false},"uagb_author_info":{"display_name":"cramm","author_link":"https:\/\/gw-unfall-lack.de\/?author=1"},"uagb_comment_info":0,"uagb_excerpt":"Unfallreparatur Die Unfallreparatur bildet unser Kerngesch\u00e4ft.Vom kleinen Parkrempler bis zum Einschwei\u00dfen neuer Teile sind Sie bei uns richtig. Unfallreparatur Sorglospaket Unfall!\u00a0 Was nun? Wir lassen Sie nicht allein! Von der Annahme bis zur Auslieferung Ihres Unfallfahrzeuges \u00fcbernehmen wir s\u00e4mtliche Reparaturarbeiten nach Herstellervorgaben und Garantie.Auf Wunsch ziehen wir einen unabh\u00e4ngigen Gutachter, sowie einen Rechtsanwalt f\u00fcr Verkehrsrecht&hellip;","jetpack_sharing_enabled":true,"_links":{"self":[{"href":"https:\/\/gw-unfall-lack.de\/index.php?rest_route=\/wp\/v2\/pages\/1045","targetHints":{"allow":["GET"]}}],"collection":[{"href":"https:\/\/gw-unfall-lack.de\/index.php?rest_route=\/wp\/v2\/pages"}],"about":[{"href":"https:\/\/gw-unfall-lack.de\/index.php?rest_route=\/wp\/v2\/types\/page"}],"author":[{"embeddable":true,"href":"https:\/\/gw-unfall-lack.de\/index.php?rest_route=\/wp\/v2\/users\/1"}],"replies":[{"embeddable":true,"href":"https:\/\/gw-unfall-lack.de\/index.php?rest_route=%2Fwp%2Fv2%2Fcomments&post=1045"}],"version-history":[{"count":29,"href":"https:\/\/gw-unfall-lack.de\/index.php?rest_route=\/wp\/v2\/pages\/1045\/revisions"}],"predecessor-version":[{"id":1553,"href":"https:\/\/gw-unfall-lack.de\/index.php?rest_route=\/wp\/v2\/pages\/1045\/revisions\/1553"}],"wp:attachment":[{"href":"https:\/\/gw-unfall-lack.de\/index.php?rest_route=%2Fwp%2Fv2%2Fmedia&parent=1045"}],"curies":[{"name":"wp","href":"https:\/\/api.w.org\/{rel}","templated":true}]}}