{"id":1047,"date":"2019-09-26T08:28:16","date_gmt":"2019-09-26T08:28:16","guid":{"rendered":"http:\/\/gw-unfall-lack.de\/?page_id=1047"},"modified":"2022-06-03T06:19:38","modified_gmt":"2022-06-03T06:19:38","slug":"autoglasreparatur","status":"publish","type":"page","link":"https:\/\/gw-unfall-lack.de\/?page_id=1047","title":{"rendered":"Autoglasreparatur"},"content":{"rendered":"\t\t<div data-elementor-type=\"wp-page\" data-elementor-id=\"1047\" class=\"elementor elementor-1047\">\n\t\t\t\t\t\t<section class=\"elementor-section elementor-top-section elementor-element elementor-element-945216e elementor-section-height-min-height elementor-section-content-middle elementor-section-boxed elementor-section-height-default elementor-section-items-middle\" data-id=\"945216e\" data-element_type=\"section\" data-settings=\"{&quot;background_background&quot;:&quot;classic&quot;}\">\n\t\t\t\t\t\t\t<div class=\"elementor-background-overlay\"><\/div>\n\t\t\t\t\t\t\t<div class=\"elementor-container elementor-column-gap-no\">\n\t\t\t\t\t<div class=\"elementor-column elementor-col-100 elementor-top-column elementor-element elementor-element-3a3e3cf1\" data-id=\"3a3e3cf1\" data-element_type=\"column\">\n\t\t\t<div class=\"elementor-widget-wrap elementor-element-populated\">\n\t\t\t\t\t\t<div class=\"elementor-element elementor-element-5ef8c75e elementor-widget elementor-widget-heading\" data-id=\"5ef8c75e\" data-element_type=\"widget\" data-widget_type=\"heading.default\">\n\t\t\t\t<div class=\"elementor-widget-container\">\n\t\t\t\t\t<h2 class=\"elementor-heading-title elementor-size-default\">Autoglasreparatur<\/h2>\t\t\t\t<\/div>\n\t\t\t\t<\/div>\n\t\t\t\t<div class=\"elementor-element elementor-element-3817b35f elementor-widget elementor-widget-text-editor\" data-id=\"3817b35f\" data-element_type=\"widget\" data-widget_type=\"text-editor.default\">\n\t\t\t\t<div class=\"elementor-widget-container\">\n\t\t\t\t\t\t\t\t\t<p>Sie haben einen Steinschlag oder gar einen Riss in der Scheibe?<br \/>Kein Problem! Wir tauschen Ihnen gern jede gew\u00fcnschte Scheibe aus.<\/p>\t\t\t\t\t\t\t\t<\/div>\n\t\t\t\t<\/div>\n\t\t\t\t\t<\/div>\n\t\t<\/div>\n\t\t\t\t\t<\/div>\n\t\t<\/section>\n\t\t\t\t<section class=\"elementor-section elementor-top-section elementor-element elementor-element-f1e3af2 elementor-section-boxed elementor-section-height-default elementor-section-height-default\" data-id=\"f1e3af2\" data-element_type=\"section\">\n\t\t\t\t\t\t\t<div class=\"elementor-background-overlay\"><\/div>\n\t\t\t\t\t\t\t<div class=\"elementor-container elementor-column-gap-default\">\n\t\t\t\t\t<div class=\"elementor-column elementor-col-100 elementor-top-column elementor-element elementor-element-747f53d\" data-id=\"747f53d\" data-element_type=\"column\">\n\t\t\t<div class=\"elementor-widget-wrap elementor-element-populated\">\n\t\t\t\t\t\t<div class=\"elementor-element elementor-element-03c2e19 elementor-widget elementor-widget-heading\" data-id=\"03c2e19\" data-element_type=\"widget\" data-widget_type=\"heading.default\">\n\t\t\t\t<div class=\"elementor-widget-container\">\n\t\t\t\t\t<h2 class=\"elementor-heading-title elementor-size-default\">Autoglasreparatur<\/h2>\t\t\t\t<\/div>\n\t\t\t\t<\/div>\n\t\t\t\t\t<\/div>\n\t\t<\/div>\n\t\t\t\t\t<\/div>\n\t\t<\/section>\n\t\t\t\t<section class=\"elementor-section elementor-top-section elementor-element elementor-element-1202c60 elementor-section-boxed elementor-section-height-default elementor-section-height-default\" data-id=\"1202c60\" data-element_type=\"section\">\n\t\t\t\t\t\t\t<div class=\"elementor-background-overlay\"><\/div>\n\t\t\t\t\t\t\t<div class=\"elementor-container elementor-column-gap-default\">\n\t\t\t\t\t<div class=\"elementor-column elementor-col-66 elementor-top-column elementor-element elementor-element-b6037ab\" data-id=\"b6037ab\" data-element_type=\"column\">\n\t\t\t<div class=\"elementor-widget-wrap elementor-element-populated\">\n\t\t\t\t\t\t<div class=\"elementor-element elementor-element-a908bd8 elementor-widget elementor-widget-text-editor\" data-id=\"a908bd8\" data-element_type=\"widget\" data-widget_type=\"text-editor.default\">\n\t\t\t\t<div class=\"elementor-widget-container\">\n\t\t\t\t\t\t\t\t\t<p>Im Gegensatz zu den meisten Autoglasreparaturfachbetrieben erneuern wir alle Autoschreiben:<br \/>nicht nur Front-, Heck- sondern auch Seiten- und T\u00fcrscheiben.<br \/><br \/>Auf Wunsch \u00fcbernehmen wir dabei die vollst\u00e4ndige Abwicklung mit Ihrer Versicherung und halten Sie mobil.<\/p>\t\t\t\t\t\t\t\t<\/div>\n\t\t\t\t<\/div>\n\t\t\t\t\t<\/div>\n\t\t<\/div>\n\t\t\t\t<div class=\"elementor-column elementor-col-33 elementor-top-column elementor-element elementor-element-0731341\" data-id=\"0731341\" data-element_type=\"column\">\n\t\t\t<div class=\"elementor-widget-wrap elementor-element-populated\">\n\t\t\t\t\t\t<div class=\"elementor-element elementor-element-1ba337f elementor-widget elementor-widget-image\" data-id=\"1ba337f\" data-element_type=\"widget\" data-widget_type=\"image.default\">\n\t\t\t\t<div class=\"elementor-widget-container\">\n\t\t\t\t\t\t\t\t\t\t\t\t\t\t\t<img decoding=\"async\" src=\"https:\/\/i0.wp.com\/gw-unfall-lack.de\/wp-content\/uploads\/2019\/09\/Glasreparatur-1.jpg?fit=350%2C250&#038;ssl=1\" title=\"SONY DSC\" alt=\"SONY DSC\" loading=\"lazy\" \/>\t\t\t\t\t\t\t\t\t\t\t\t\t\t\t<\/div>\n\t\t\t\t<\/div>\n\t\t\t\t\t<\/div>\n\t\t<\/div>\n\t\t\t\t\t<\/div>\n\t\t<\/section>\n\t\t\t\t<section class=\"elementor-section elementor-top-section elementor-element elementor-element-05f2d13 elementor-section-full_width elementor-section-height-default elementor-section-height-default\" data-id=\"05f2d13\" data-element_type=\"section\" data-settings=\"{&quot;background_background&quot;:&quot;gradient&quot;}\">\n\t\t\t\t\t\t\t<div class=\"elementor-background-overlay\"><\/div>\n\t\t\t\t\t\t\t<div class=\"elementor-container elementor-column-gap-no\">\n\t\t\t\t\t<div class=\"elementor-column elementor-col-100 elementor-top-column elementor-element elementor-element-b6ceb24\" data-id=\"b6ceb24\" data-element_type=\"column\">\n\t\t\t<div class=\"elementor-widget-wrap elementor-element-populated\">\n\t\t\t\t\t\t<div class=\"elementor-element elementor-element-906849f elementor-widget elementor-widget-heading\" data-id=\"906849f\" data-element_type=\"widget\" data-widget_type=\"heading.default\">\n\t\t\t\t<div class=\"elementor-widget-container\">\n\t\t\t\t\t<h2 class=\"elementor-heading-title elementor-size-default\">Anfahrt<\/h2>\t\t\t\t<\/div>\n\t\t\t\t<\/div>\n\t\t\t\t<div class=\"elementor-element elementor-element-b3a9f68 elementor-widget elementor-widget-google_maps\" data-id=\"b3a9f68\" data-element_type=\"widget\" data-widget_type=\"google_maps.default\">\n\t\t\t\t<div class=\"elementor-widget-container\">\n\t\t\t\t\t\t\t<div class=\"elementor-custom-embed\">\n\t\t\t<iframe loading=\"lazy\"\n\t\t\t\t\tsrc=\"https:\/\/maps.google.com\/maps?q=Revalstra%C3%9Fe%202%2C%2023556%20L%C3%BCbeck&#038;t=m&#038;z=16&#038;output=embed&#038;iwloc=near\"\n\t\t\t\t\ttitle=\"Revalstra\u00dfe 2, 23556 L\u00fcbeck\"\n\t\t\t\t\taria-label=\"Revalstra\u00dfe 2, 23556 L\u00fcbeck\"\n\t\t\t><\/iframe>\n\t\t<\/div>\n\t\t\t\t\t\t<\/div>\n\t\t\t\t<\/div>\n\t\t\t\t\t<\/div>\n\t\t<\/div>\n\t\t\t\t\t<\/div>\n\t\t<\/section>\n\t\t\t\t<section class=\"elementor-section elementor-inner-section elementor-element elementor-element-f0c0ea3 elementor-section-content-middle elementor-section-boxed elementor-section-height-default elementor-section-height-default\" data-id=\"f0c0ea3\" data-element_type=\"section\">\n\t\t\t\t\t\t\t<div class=\"elementor-background-overlay\"><\/div>\n\t\t\t\t\t\t\t<div class=\"elementor-container elementor-column-gap-no\">\n\t\t\t\t\t<div class=\"elementor-column elementor-col-25 elementor-inner-column elementor-element elementor-element-a2ceb62\" data-id=\"a2ceb62\" data-element_type=\"column\">\n\t\t\t<div class=\"elementor-widget-wrap elementor-element-populated\">\n\t\t\t\t\t\t<div class=\"elementor-element elementor-element-d0a8f61 elementor-widget elementor-widget-heading\" data-id=\"d0a8f61\" data-element_type=\"widget\" data-widget_type=\"heading.default\">\n\t\t\t\t<div class=\"elementor-widget-container\">\n\t\t\t\t\t<h6 class=\"elementor-heading-title elementor-size-default\">Standort<\/h6>\t\t\t\t<\/div>\n\t\t\t\t<\/div>\n\t\t\t\t<div class=\"elementor-element elementor-element-fc508d9 elementor-widget elementor-widget-text-editor\" data-id=\"fc508d9\" data-element_type=\"widget\" data-widget_type=\"text-editor.default\">\n\t\t\t\t<div class=\"elementor-widget-container\">\n\t\t\t\t\t\t\t\t\t<p>Revalstra\u00dfe 2<br \/>23560 L\u00fcbeck<\/p>\t\t\t\t\t\t\t\t<\/div>\n\t\t\t\t<\/div>\n\t\t\t\t\t<\/div>\n\t\t<\/div>\n\t\t\t\t<div class=\"elementor-column elementor-col-25 elementor-inner-column elementor-element elementor-element-2607e58\" data-id=\"2607e58\" data-element_type=\"column\">\n\t\t\t<div class=\"elementor-widget-wrap elementor-element-populated\">\n\t\t\t\t\t\t<div class=\"elementor-element elementor-element-f676cf0 elementor-widget elementor-widget-heading\" data-id=\"f676cf0\" data-element_type=\"widget\" data-widget_type=\"heading.default\">\n\t\t\t\t<div class=\"elementor-widget-container\">\n\t\t\t\t\t<h6 class=\"elementor-heading-title elementor-size-default\">\u00d6ffnungszeiten<\/h6>\t\t\t\t<\/div>\n\t\t\t\t<\/div>\n\t\t\t\t<div class=\"elementor-element elementor-element-fa14686 elementor-widget elementor-widget-text-editor\" data-id=\"fa14686\" data-element_type=\"widget\" data-widget_type=\"text-editor.default\">\n\t\t\t\t<div class=\"elementor-widget-container\">\n\t\t\t\t\t\t\t\t\t<p>Mo. \u2013 Do.: 7:00 \u2013 17:00 Uhr<br \/>\u00a0\u00a0\u00a0\u00a0\u00a0\u00a0\u00a0\u00a0 \u00a0 Fr.: 6:00 \u2013 13:30 Uhr<\/p>\t\t\t\t\t\t\t\t<\/div>\n\t\t\t\t<\/div>\n\t\t\t\t\t<\/div>\n\t\t<\/div>\n\t\t\t\t<div class=\"elementor-column elementor-col-25 elementor-inner-column elementor-element elementor-element-85b5829\" data-id=\"85b5829\" data-element_type=\"column\">\n\t\t\t<div class=\"elementor-widget-wrap elementor-element-populated\">\n\t\t\t\t\t\t<div class=\"elementor-element elementor-element-535d0cb elementor-widget elementor-widget-heading\" data-id=\"535d0cb\" data-element_type=\"widget\" data-widget_type=\"heading.default\">\n\t\t\t\t<div class=\"elementor-widget-container\">\n\t\t\t\t\t<h6 class=\"elementor-heading-title elementor-size-default\">Kontakt<\/h6>\t\t\t\t<\/div>\n\t\t\t\t<\/div>\n\t\t\t\t<div class=\"elementor-element elementor-element-0928cec elementor-widget elementor-widget-text-editor\" data-id=\"0928cec\" data-element_type=\"widget\" data-widget_type=\"text-editor.default\">\n\t\t\t\t<div class=\"elementor-widget-container\">\n\t\t\t\t\t\t\t\t\t<p>Tel.: 0451 2903732<br \/>Email: <a href=\"mailto:info@gw-unfall-lack.de?Subject=Anfrage\" target=\"_top\"><span style=\"color: #fdec2e;\">info@gw-unfall-lack.de<\/span><\/a><br \/><br \/><br \/><br \/><\/p>\t\t\t\t\t\t\t\t<\/div>\n\t\t\t\t<\/div>\n\t\t\t\t\t<\/div>\n\t\t<\/div>\n\t\t\t\t<div class=\"elementor-column elementor-col-25 elementor-inner-column elementor-element elementor-element-8f1dc83\" data-id=\"8f1dc83\" data-element_type=\"column\">\n\t\t\t<div class=\"elementor-widget-wrap elementor-element-populated\">\n\t\t\t\t\t\t<div class=\"elementor-element elementor-element-20c56e4 elementor-widget elementor-widget-heading\" data-id=\"20c56e4\" data-element_type=\"widget\" data-widget_type=\"heading.default\">\n\t\t\t\t<div class=\"elementor-widget-container\">\n\t\t\t\t\t<h6 class=\"elementor-heading-title elementor-size-default\">Erreichbarkeit<\/h6>\t\t\t\t<\/div>\n\t\t\t\t<\/div>\n\t\t\t\t<div class=\"elementor-element elementor-element-34a21b7 elementor-widget elementor-widget-text-editor\" data-id=\"34a21b7\" data-element_type=\"widget\" data-widget_type=\"text-editor.default\">\n\t\t\t\t<div class=\"elementor-widget-container\">\n\t\t\t\t\t\t\t\t\t<p style=\"text-align: center;\">Sie k\u00f6nnen uns mit den folgenden Buslinien an der jeweiligen Haltestelle erreichen:<br \/>15 &#8211; Revalstra\u00dfe<br \/>\u00a016 &#8211; Malm\u00f6stra\u00dfe<br \/>\u00a0\u00a0 7 &#8211; Hinter den Kirschkaten<\/p>\t\t\t\t\t\t\t\t<\/div>\n\t\t\t\t<\/div>\n\t\t\t\t\t<\/div>\n\t\t<\/div>\n\t\t\t\t\t<\/div>\n\t\t<\/section>\n\t\t\t\t<\/div>\n\t\t","protected":false},"excerpt":{"rendered":"<p>Autoglasreparatur Sie haben einen Steinschlag oder gar einen Riss in der Scheibe?Kein Problem! Wir tauschen Ihnen gern jede gew\u00fcnschte Scheibe aus. Autoglasreparatur Im Gegensatz zu den meisten Autoglasreparaturfachbetrieben erneuern wir alle Autoschreiben:nicht nur Front-, Heck- sondern auch Seiten- und T\u00fcrscheiben. Auf Wunsch \u00fcbernehmen wir dabei die vollst\u00e4ndige Abwicklung mit Ihrer Versicherung und halten Sie mobil. &hellip;<\/p>\n<p class=\"read-more\"> <a class=\"\" href=\"https:\/\/gw-unfall-lack.de\/?page_id=1047\"> <span class=\"screen-reader-text\">Autoglasreparatur<\/span> Weiterlesen &raquo;<\/a><\/p>\n","protected":false},"author":1,"featured_media":0,"parent":0,"menu_order":0,"comment_status":"closed","ping_status":"closed","template":"","meta":{"_uag_custom_page_level_css":"","site-sidebar-layout":"no-sidebar","site-content-layout":"page-builder","ast-site-content-layout":"","site-content-style":"default","site-sidebar-style":"default","ast-global-header-display":"","ast-banner-title-visibility":"","ast-main-header-display":"","ast-hfb-above-header-display":"","ast-hfb-below-header-display":"","ast-hfb-mobile-header-display":"","site-post-title":"disabled","ast-breadcrumbs-content":"","ast-featured-img":"disabled","footer-sml-layout":"","theme-transparent-header-meta":"default","adv-header-id-meta":"","stick-header-meta":"","header-above-stick-meta":"","header-main-stick-meta":"","header-below-stick-meta":"","astra-migrate-meta-layouts":"","ast-page-background-enabled":"default","ast-page-background-meta":{"desktop":{"background-color":"","background-image":"","background-repeat":"repeat","background-position":"center center","background-size":"auto","background-attachment":"scroll","background-type":"","background-media":"","overlay-type":"","overlay-color":"","overlay-gradient":""},"tablet":{"background-color":"","background-image":"","background-repeat":"repeat","background-position":"center center","background-size":"auto","background-attachment":"scroll","background-type":"","background-media":"","overlay-type":"","overlay-color":"","overlay-gradient":""},"mobile":{"background-color":"","background-image":"","background-repeat":"repeat","background-position":"center center","background-size":"auto","background-attachment":"scroll","background-type":"","background-media":"","overlay-type":"","overlay-color":"","overlay-gradient":""}},"ast-content-background-meta":{"desktop":{"background-color":"var(--ast-global-color-5)","background-image":"","background-repeat":"repeat","background-position":"center center","background-size":"auto","background-attachment":"scroll","background-type":"","background-media":"","overlay-type":"","overlay-color":"","overlay-gradient":""},"tablet":{"background-color":"var(--ast-global-color-5)","background-image":"","background-repeat":"repeat","background-position":"center center","background-size":"auto","background-attachment":"scroll","background-type":"","background-media":"","overlay-type":"","overlay-color":"","overlay-gradient":""},"mobile":{"background-color":"var(--ast-global-color-5)","background-image":"","background-repeat":"repeat","background-position":"center center","background-size":"auto","background-attachment":"scroll","background-type":"","background-media":"","overlay-type":"","overlay-color":"","overlay-gradient":""}},"footnotes":""},"class_list":["post-1047","page","type-page","status-publish","hentry"],"yoast_head":"<!-- This site is optimized with the Yoast SEO plugin v24.5 - https:\/\/yoast.com\/wordpress\/plugins\/seo\/ -->\n<title>Autoglasreparatur - Gradtke und Wieczorek GmbH<\/title>\n<meta name=\"description\" content=\"Lackierungen, Spot Repair, Industrielackierung, Reparaturen, Unfallreparatur, Autoglasreparatur, Kleinreparaturen, Oldtimerlackierungen uvm.\" \/>\n<meta name=\"robots\" content=\"index, follow, max-snippet:-1, max-image-preview:large, max-video-preview:-1\" \/>\n<link rel=\"canonical\" href=\"https:\/\/gw-unfall-lack.de\/?page_id=1047\" \/>\n<meta property=\"og:locale\" content=\"de_DE\" \/>\n<meta property=\"og:type\" content=\"article\" \/>\n<meta property=\"og:title\" content=\"Autoglasreparatur - Gradtke und Wieczorek GmbH\" \/>\n<meta property=\"og:description\" content=\"Lackierungen, Spot Repair, Industrielackierung, Reparaturen, Unfallreparatur, Autoglasreparatur, Kleinreparaturen, Oldtimerlackierungen uvm.\" \/>\n<meta property=\"og:url\" content=\"https:\/\/gw-unfall-lack.de\/?page_id=1047\" \/>\n<meta property=\"og:site_name\" content=\"Gradtke und Wieczorek GmbH\" \/>\n<meta property=\"article:modified_time\" content=\"2022-06-03T06:19:38+00:00\" \/>\n<meta property=\"og:image\" content=\"https:\/\/gw-unfall-lack.de\/wp-content\/uploads\/elementor\/thumbs\/Glasreparatur-1-oej65x424ny5mol120pfz5ltm3i676n08hdi8b5w78.jpg\" \/>\n<meta name=\"twitter:card\" content=\"summary_large_image\" \/>\n<meta name=\"twitter:label1\" content=\"Gesch\u00e4tzte Lesezeit\" \/>\n\t<meta name=\"twitter:data1\" content=\"1\u00a0Minute\" \/>\n<script type=\"application\/ld+json\" class=\"yoast-schema-graph\">{\"@context\":\"https:\/\/schema.org\",\"@graph\":[{\"@type\":\"WebPage\",\"@id\":\"https:\/\/gw-unfall-lack.de\/?page_id=1047\",\"url\":\"https:\/\/gw-unfall-lack.de\/?page_id=1047\",\"name\":\"Autoglasreparatur - Gradtke und Wieczorek GmbH\",\"isPartOf\":{\"@id\":\"https:\/\/gw-unfall-lack.de\/#website\"},\"primaryImageOfPage\":{\"@id\":\"https:\/\/gw-unfall-lack.de\/?page_id=1047#primaryimage\"},\"image\":{\"@id\":\"https:\/\/gw-unfall-lack.de\/?page_id=1047#primaryimage\"},\"thumbnailUrl\":\"https:\/\/gw-unfall-lack.de\/wp-content\/uploads\/elementor\/thumbs\/Glasreparatur-1-oej65x424ny5mol120pfz5ltm3i676n08hdi8b5w78.jpg\",\"datePublished\":\"2019-09-26T08:28:16+00:00\",\"dateModified\":\"2022-06-03T06:19:38+00:00\",\"description\":\"Lackierungen, Spot Repair, Industrielackierung, Reparaturen, Unfallreparatur, Autoglasreparatur, Kleinreparaturen, Oldtimerlackierungen uvm.\",\"breadcrumb\":{\"@id\":\"https:\/\/gw-unfall-lack.de\/?page_id=1047#breadcrumb\"},\"inLanguage\":\"de\",\"potentialAction\":[{\"@type\":\"ReadAction\",\"target\":[\"https:\/\/gw-unfall-lack.de\/?page_id=1047\"]}]},{\"@type\":\"ImageObject\",\"inLanguage\":\"de\",\"@id\":\"https:\/\/gw-unfall-lack.de\/?page_id=1047#primaryimage\",\"url\":\"https:\/\/gw-unfall-lack.de\/wp-content\/uploads\/elementor\/thumbs\/Glasreparatur-1-oej65x424ny5mol120pfz5ltm3i676n08hdi8b5w78.jpg\",\"contentUrl\":\"https:\/\/gw-unfall-lack.de\/wp-content\/uploads\/elementor\/thumbs\/Glasreparatur-1-oej65x424ny5mol120pfz5ltm3i676n08hdi8b5w78.jpg\"},{\"@type\":\"BreadcrumbList\",\"@id\":\"https:\/\/gw-unfall-lack.de\/?page_id=1047#breadcrumb\",\"itemListElement\":[{\"@type\":\"ListItem\",\"position\":1,\"name\":\"Startseite\",\"item\":\"https:\/\/gw-unfall-lack.de\/\"},{\"@type\":\"ListItem\",\"position\":2,\"name\":\"Autoglasreparatur\"}]},{\"@type\":\"WebSite\",\"@id\":\"https:\/\/gw-unfall-lack.de\/#website\",\"url\":\"https:\/\/gw-unfall-lack.de\/\",\"name\":\"Gradtke und Wieczorek GmbH\",\"description\":\"Fahrzeuglackierung - Lackierung | Spot Repair | Industrielackierung | Reparatur | Unfallreparatur | Autoglasreparatur\",\"publisher\":{\"@id\":\"https:\/\/gw-unfall-lack.de\/#organization\"},\"potentialAction\":[{\"@type\":\"SearchAction\",\"target\":{\"@type\":\"EntryPoint\",\"urlTemplate\":\"https:\/\/gw-unfall-lack.de\/?s={search_term_string}\"},\"query-input\":{\"@type\":\"PropertyValueSpecification\",\"valueRequired\":true,\"valueName\":\"search_term_string\"}}],\"inLanguage\":\"de\"},{\"@type\":\"Organization\",\"@id\":\"https:\/\/gw-unfall-lack.de\/#organization\",\"name\":\"Gradtke und Wieczorek Fahrzeuglackierung und Unfallreparatur\",\"url\":\"https:\/\/gw-unfall-lack.de\/\",\"logo\":{\"@type\":\"ImageObject\",\"inLanguage\":\"de\",\"@id\":\"https:\/\/gw-unfall-lack.de\/#\/schema\/logo\/image\/\",\"url\":\"https:\/\/i0.wp.com\/gw-unfall-lack.de\/wp-content\/uploads\/2019\/10\/cropped-Logo_GW-1.png?fit=1233%2C294&ssl=1\",\"contentUrl\":\"https:\/\/i0.wp.com\/gw-unfall-lack.de\/wp-content\/uploads\/2019\/10\/cropped-Logo_GW-1.png?fit=1233%2C294&ssl=1\",\"width\":1233,\"height\":294,\"caption\":\"Gradtke und Wieczorek Fahrzeuglackierung und Unfallreparatur\"},\"image\":{\"@id\":\"https:\/\/gw-unfall-lack.de\/#\/schema\/logo\/image\/\"}}]}<\/script>\n<!-- \/ Yoast SEO plugin. -->","yoast_head_json":{"title":"Autoglasreparatur - Gradtke und Wieczorek GmbH","description":"Lackierungen, Spot Repair, Industrielackierung, Reparaturen, Unfallreparatur, Autoglasreparatur, Kleinreparaturen, Oldtimerlackierungen uvm.","robots":{"index":"index","follow":"follow","max-snippet":"max-snippet:-1","max-image-preview":"max-image-preview:large","max-video-preview":"max-video-preview:-1"},"canonical":"https:\/\/gw-unfall-lack.de\/?page_id=1047","og_locale":"de_DE","og_type":"article","og_title":"Autoglasreparatur - Gradtke und Wieczorek GmbH","og_description":"Lackierungen, Spot Repair, Industrielackierung, Reparaturen, Unfallreparatur, Autoglasreparatur, Kleinreparaturen, Oldtimerlackierungen uvm.","og_url":"https:\/\/gw-unfall-lack.de\/?page_id=1047","og_site_name":"Gradtke und Wieczorek GmbH","article_modified_time":"2022-06-03T06:19:38+00:00","og_image":[{"url":"https:\/\/gw-unfall-lack.de\/wp-content\/uploads\/elementor\/thumbs\/Glasreparatur-1-oej65x424ny5mol120pfz5ltm3i676n08hdi8b5w78.jpg","type":"","width":"","height":""}],"twitter_card":"summary_large_image","twitter_misc":{"Gesch\u00e4tzte Lesezeit":"1\u00a0Minute"},"schema":{"@context":"https:\/\/schema.org","@graph":[{"@type":"WebPage","@id":"https:\/\/gw-unfall-lack.de\/?page_id=1047","url":"https:\/\/gw-unfall-lack.de\/?page_id=1047","name":"Autoglasreparatur - Gradtke und Wieczorek GmbH","isPartOf":{"@id":"https:\/\/gw-unfall-lack.de\/#website"},"primaryImageOfPage":{"@id":"https:\/\/gw-unfall-lack.de\/?page_id=1047#primaryimage"},"image":{"@id":"https:\/\/gw-unfall-lack.de\/?page_id=1047#primaryimage"},"thumbnailUrl":"https:\/\/gw-unfall-lack.de\/wp-content\/uploads\/elementor\/thumbs\/Glasreparatur-1-oej65x424ny5mol120pfz5ltm3i676n08hdi8b5w78.jpg","datePublished":"2019-09-26T08:28:16+00:00","dateModified":"2022-06-03T06:19:38+00:00","description":"Lackierungen, Spot Repair, Industrielackierung, Reparaturen, Unfallreparatur, Autoglasreparatur, Kleinreparaturen, Oldtimerlackierungen uvm.","breadcrumb":{"@id":"https:\/\/gw-unfall-lack.de\/?page_id=1047#breadcrumb"},"inLanguage":"de","potentialAction":[{"@type":"ReadAction","target":["https:\/\/gw-unfall-lack.de\/?page_id=1047"]}]},{"@type":"ImageObject","inLanguage":"de","@id":"https:\/\/gw-unfall-lack.de\/?page_id=1047#primaryimage","url":"https:\/\/gw-unfall-lack.de\/wp-content\/uploads\/elementor\/thumbs\/Glasreparatur-1-oej65x424ny5mol120pfz5ltm3i676n08hdi8b5w78.jpg","contentUrl":"https:\/\/gw-unfall-lack.de\/wp-content\/uploads\/elementor\/thumbs\/Glasreparatur-1-oej65x424ny5mol120pfz5ltm3i676n08hdi8b5w78.jpg"},{"@type":"BreadcrumbList","@id":"https:\/\/gw-unfall-lack.de\/?page_id=1047#breadcrumb","itemListElement":[{"@type":"ListItem","position":1,"name":"Startseite","item":"https:\/\/gw-unfall-lack.de\/"},{"@type":"ListItem","position":2,"name":"Autoglasreparatur"}]},{"@type":"WebSite","@id":"https:\/\/gw-unfall-lack.de\/#website","url":"https:\/\/gw-unfall-lack.de\/","name":"Gradtke und Wieczorek GmbH","description":"Fahrzeuglackierung - Lackierung | Spot Repair | Industrielackierung | Reparatur | Unfallreparatur | Autoglasreparatur","publisher":{"@id":"https:\/\/gw-unfall-lack.de\/#organization"},"potentialAction":[{"@type":"SearchAction","target":{"@type":"EntryPoint","urlTemplate":"https:\/\/gw-unfall-lack.de\/?s={search_term_string}"},"query-input":{"@type":"PropertyValueSpecification","valueRequired":true,"valueName":"search_term_string"}}],"inLanguage":"de"},{"@type":"Organization","@id":"https:\/\/gw-unfall-lack.de\/#organization","name":"Gradtke und Wieczorek Fahrzeuglackierung und Unfallreparatur","url":"https:\/\/gw-unfall-lack.de\/","logo":{"@type":"ImageObject","inLanguage":"de","@id":"https:\/\/gw-unfall-lack.de\/#\/schema\/logo\/image\/","url":"https:\/\/i0.wp.com\/gw-unfall-lack.de\/wp-content\/uploads\/2019\/10\/cropped-Logo_GW-1.png?fit=1233%2C294&ssl=1","contentUrl":"https:\/\/i0.wp.com\/gw-unfall-lack.de\/wp-content\/uploads\/2019\/10\/cropped-Logo_GW-1.png?fit=1233%2C294&ssl=1","width":1233,"height":294,"caption":"Gradtke und Wieczorek Fahrzeuglackierung und Unfallreparatur"},"image":{"@id":"https:\/\/gw-unfall-lack.de\/#\/schema\/logo\/image\/"}}]}},"uagb_featured_image_src":{"full":false,"thumbnail":false,"medium":false,"medium_large":false,"large":false,"1536x1536":false,"2048x2048":false},"uagb_author_info":{"display_name":"cramm","author_link":"https:\/\/gw-unfall-lack.de\/?author=1"},"uagb_comment_info":0,"uagb_excerpt":"Autoglasreparatur Sie haben einen Steinschlag oder gar einen Riss in der Scheibe?Kein Problem! Wir tauschen Ihnen gern jede gew\u00fcnschte Scheibe aus. Autoglasreparatur Im Gegensatz zu den meisten Autoglasreparaturfachbetrieben erneuern wir alle Autoschreiben:nicht nur Front-, Heck- sondern auch Seiten- und T\u00fcrscheiben. Auf Wunsch \u00fcbernehmen wir dabei die vollst\u00e4ndige Abwicklung mit Ihrer Versicherung und halten Sie mobil.&hellip;","jetpack_sharing_enabled":true,"_links":{"self":[{"href":"https:\/\/gw-unfall-lack.de\/index.php?rest_route=\/wp\/v2\/pages\/1047","targetHints":{"allow":["GET"]}}],"collection":[{"href":"https:\/\/gw-unfall-lack.de\/index.php?rest_route=\/wp\/v2\/pages"}],"about":[{"href":"https:\/\/gw-unfall-lack.de\/index.php?rest_route=\/wp\/v2\/types\/page"}],"author":[{"embeddable":true,"href":"https:\/\/gw-unfall-lack.de\/index.php?rest_route=\/wp\/v2\/users\/1"}],"replies":[{"embeddable":true,"href":"https:\/\/gw-unfall-lack.de\/index.php?rest_route=%2Fwp%2Fv2%2Fcomments&post=1047"}],"version-history":[{"count":26,"href":"https:\/\/gw-unfall-lack.de\/index.php?rest_route=\/wp\/v2\/pages\/1047\/revisions"}],"predecessor-version":[{"id":1554,"href":"https:\/\/gw-unfall-lack.de\/index.php?rest_route=\/wp\/v2\/pages\/1047\/revisions\/1554"}],"wp:attachment":[{"href":"https:\/\/gw-unfall-lack.de\/index.php?rest_route=%2Fwp%2Fv2%2Fmedia&parent=1047"}],"curies":[{"name":"wp","href":"https:\/\/api.w.org\/{rel}","templated":true}]}}