{"id":1067,"date":"2019-09-27T06:32:56","date_gmt":"2019-09-27T06:32:56","guid":{"rendered":"http:\/\/gw-unfall-lack.de\/?page_id=1067"},"modified":"2022-06-03T06:21:04","modified_gmt":"2022-06-03T06:21:04","slug":"impressum","status":"publish","type":"page","link":"https:\/\/gw-unfall-lack.de\/?page_id=1067","title":{"rendered":"Impressum"},"content":{"rendered":"\t\t<div data-elementor-type=\"wp-page\" data-elementor-id=\"1067\" class=\"elementor elementor-1067\">\n\t\t\t\t\t\t<section class=\"elementor-section elementor-top-section elementor-element elementor-element-32feb3f5 elementor-section-boxed elementor-section-height-default elementor-section-height-default\" data-id=\"32feb3f5\" data-element_type=\"section\">\n\t\t\t\t\t\t<div class=\"elementor-container elementor-column-gap-default\">\n\t\t\t\t\t<div class=\"elementor-column elementor-col-100 elementor-top-column elementor-element elementor-element-7f2b6221\" data-id=\"7f2b6221\" data-element_type=\"column\">\n\t\t\t<div class=\"elementor-widget-wrap elementor-element-populated\">\n\t\t\t\t\t\t<div class=\"elementor-element elementor-element-1b85c67c elementor-widget elementor-widget-text-editor\" data-id=\"1b85c67c\" data-element_type=\"widget\" data-widget_type=\"text-editor.default\">\n\t\t\t\t<div class=\"elementor-widget-container\">\n\t\t\t\t\t\t\t\t\t<p><\/p>\n<p>IMPRESSUM<\/p>\n<p>Gradtke &amp; Wieczorek Fahrzeuglackierung GmbH<br \/>Revalstra\u00dfe 2<br \/>23560 L\u00fcbeck<\/p>\n<p>Tel: 0451 \/ 2903732 <br \/>Telefax: 0451 \/ 2804834<br \/>E-Mail: <a href=\"mailto:info@gw-unfall-lack.de\">info@gw-unfall-lack.de <\/a><br \/>Homepage: <a href=\"http:\/\/www.gw-unfall-lack.de\">www.gw-unfall-lack.de<\/a><\/p>\n<p><strong>Gesch\u00e4ftszeiten<\/strong> <br \/>Mo.-Do.\u00a0\u00a0\u00a0 7:00 &#8211; 17:00 Uhr<br \/>Fr.\u00a0\u00a0\u00a0\u00a0\u00a0\u00a0\u00a0\u00a0\u00a0\u00a0\u00a0\u00a0\u00a06:00 &#8211; 13:30 Uhr<\/p>\n<p><strong>Gesch\u00e4ftsf\u00fchrung<\/strong> Jens Gradtke und Nico Wieczorek<br \/><strong>Sitz der Gesellschaft:<\/strong> L\u00fcbeck<br \/><strong>Handelsregister:<\/strong> Amtsgericht L\u00fcbeck HRB 5699<br \/><strong>Steuernummer:<\/strong> 22 290 17592<br \/><strong>USt-Id Nr.<\/strong> 232355665<\/p>\n<p><\/p>\t\t\t\t\t\t\t\t<\/div>\n\t\t\t\t<\/div>\n\t\t\t\t\t<\/div>\n\t\t<\/div>\n\t\t\t\t\t<\/div>\n\t\t<\/section>\n\t\t\t\t<\/div>\n\t\t","protected":false},"excerpt":{"rendered":"<p>IMPRESSUM Gradtke &amp; Wieczorek Fahrzeuglackierung GmbHRevalstra\u00dfe 223560 L\u00fcbeck Tel: 0451 \/ 2903732 Telefax: 0451 \/ 2804834E-Mail: info@gw-unfall-lack.de Homepage: www.gw-unfall-lack.de Gesch\u00e4ftszeiten Mo.-Do.\u00a0\u00a0\u00a0 7:00 &#8211; 17:00 UhrFr.\u00a0\u00a0\u00a0\u00a0\u00a0\u00a0\u00a0\u00a0\u00a0\u00a0\u00a0\u00a0\u00a06:00 &#8211; 13:30 Uhr Gesch\u00e4ftsf\u00fchrung Jens Gradtke und Nico WieczorekSitz der Gesellschaft: L\u00fcbeckHandelsregister: Amtsgericht L\u00fcbeck HRB 5699Steuernummer: 22 290 17592USt-Id Nr. 232355665<\/p>\n","protected":false},"author":1,"featured_media":0,"parent":0,"menu_order":0,"comment_status":"closed","ping_status":"closed","template":"","meta":{"_uag_custom_page_level_css":"","site-sidebar-layout":"default","site-content-layout":"default","ast-site-content-layout":"","site-content-style":"default","site-sidebar-style":"default","ast-global-header-display":"","ast-banner-title-visibility":"","ast-main-header-display":"","ast-hfb-above-header-display":"","ast-hfb-below-header-display":"","ast-hfb-mobile-header-display":"","site-post-title":"disabled","ast-breadcrumbs-content":"","ast-featured-img":"","footer-sml-layout":"","theme-transparent-header-meta":"default","adv-header-id-meta":"","stick-header-meta":"","header-above-stick-meta":"","header-main-stick-meta":"","header-below-stick-meta":"","astra-migrate-meta-layouts":"","ast-page-background-enabled":"default","ast-page-background-meta":{"desktop":{"background-color":"","background-image":"","background-repeat":"repeat","background-position":"center center","background-size":"auto","background-attachment":"scroll","background-type":"","background-media":"","overlay-type":"","overlay-color":"","overlay-gradient":""},"tablet":{"background-color":"","background-image":"","background-repeat":"repeat","background-position":"center center","background-size":"auto","background-attachment":"scroll","background-type":"","background-media":"","overlay-type":"","overlay-color":"","overlay-gradient":""},"mobile":{"background-color":"","background-image":"","background-repeat":"repeat","background-position":"center center","background-size":"auto","background-attachment":"scroll","background-type":"","background-media":"","overlay-type":"","overlay-color":"","overlay-gradient":""}},"ast-content-background-meta":{"desktop":{"background-color":"var(--ast-global-color-5)","background-image":"","background-repeat":"repeat","background-position":"center center","background-size":"auto","background-attachment":"scroll","background-type":"","background-media":"","overlay-type":"","overlay-color":"","overlay-gradient":""},"tablet":{"background-color":"var(--ast-global-color-5)","background-image":"","background-repeat":"repeat","background-position":"center center","background-size":"auto","background-attachment":"scroll","background-type":"","background-media":"","overlay-type":"","overlay-color":"","overlay-gradient":""},"mobile":{"background-color":"var(--ast-global-color-5)","background-image":"","background-repeat":"repeat","background-position":"center center","background-size":"auto","background-attachment":"scroll","background-type":"","background-media":"","overlay-type":"","overlay-color":"","overlay-gradient":""}},"footnotes":""},"class_list":["post-1067","page","type-page","status-publish","hentry"],"yoast_head":"<!-- This site is optimized with the Yoast SEO plugin v24.5 - https:\/\/yoast.com\/wordpress\/plugins\/seo\/ -->\n<title>Impressum - Gradtke und Wieczorek GmbH<\/title>\n<meta name=\"description\" content=\"Lackierungen, Spot Repair, Industrielackierung, Reparaturen, Unfallreparatur, Autoglasreparatur, Kleinreparaturen, Oldtimerlackierungen uvm.\" \/>\n<meta name=\"robots\" content=\"index, follow, max-snippet:-1, max-image-preview:large, max-video-preview:-1\" \/>\n<link rel=\"canonical\" href=\"https:\/\/gw-unfall-lack.de\/?page_id=1067\" \/>\n<meta property=\"og:locale\" content=\"de_DE\" \/>\n<meta property=\"og:type\" content=\"article\" \/>\n<meta property=\"og:title\" content=\"Impressum - Gradtke und Wieczorek GmbH\" \/>\n<meta property=\"og:description\" content=\"Lackierungen, Spot Repair, Industrielackierung, Reparaturen, Unfallreparatur, Autoglasreparatur, Kleinreparaturen, Oldtimerlackierungen uvm.\" \/>\n<meta property=\"og:url\" content=\"https:\/\/gw-unfall-lack.de\/?page_id=1067\" \/>\n<meta property=\"og:site_name\" content=\"Gradtke und Wieczorek GmbH\" \/>\n<meta property=\"article:modified_time\" content=\"2022-06-03T06:21:04+00:00\" \/>\n<meta name=\"twitter:card\" content=\"summary_large_image\" \/>\n<script type=\"application\/ld+json\" class=\"yoast-schema-graph\">{\"@context\":\"https:\/\/schema.org\",\"@graph\":[{\"@type\":\"WebPage\",\"@id\":\"https:\/\/gw-unfall-lack.de\/?page_id=1067\",\"url\":\"https:\/\/gw-unfall-lack.de\/?page_id=1067\",\"name\":\"Impressum - Gradtke und Wieczorek GmbH\",\"isPartOf\":{\"@id\":\"https:\/\/gw-unfall-lack.de\/#website\"},\"datePublished\":\"2019-09-27T06:32:56+00:00\",\"dateModified\":\"2022-06-03T06:21:04+00:00\",\"description\":\"Lackierungen, Spot Repair, Industrielackierung, Reparaturen, Unfallreparatur, Autoglasreparatur, Kleinreparaturen, Oldtimerlackierungen uvm.\",\"breadcrumb\":{\"@id\":\"https:\/\/gw-unfall-lack.de\/?page_id=1067#breadcrumb\"},\"inLanguage\":\"de\",\"potentialAction\":[{\"@type\":\"ReadAction\",\"target\":[\"https:\/\/gw-unfall-lack.de\/?page_id=1067\"]}]},{\"@type\":\"BreadcrumbList\",\"@id\":\"https:\/\/gw-unfall-lack.de\/?page_id=1067#breadcrumb\",\"itemListElement\":[{\"@type\":\"ListItem\",\"position\":1,\"name\":\"Startseite\",\"item\":\"https:\/\/gw-unfall-lack.de\/\"},{\"@type\":\"ListItem\",\"position\":2,\"name\":\"Impressum\"}]},{\"@type\":\"WebSite\",\"@id\":\"https:\/\/gw-unfall-lack.de\/#website\",\"url\":\"https:\/\/gw-unfall-lack.de\/\",\"name\":\"Gradtke und Wieczorek GmbH\",\"description\":\"Fahrzeuglackierung - Lackierung | Spot Repair | Industrielackierung | Reparatur | Unfallreparatur | Autoglasreparatur\",\"publisher\":{\"@id\":\"https:\/\/gw-unfall-lack.de\/#organization\"},\"potentialAction\":[{\"@type\":\"SearchAction\",\"target\":{\"@type\":\"EntryPoint\",\"urlTemplate\":\"https:\/\/gw-unfall-lack.de\/?s={search_term_string}\"},\"query-input\":{\"@type\":\"PropertyValueSpecification\",\"valueRequired\":true,\"valueName\":\"search_term_string\"}}],\"inLanguage\":\"de\"},{\"@type\":\"Organization\",\"@id\":\"https:\/\/gw-unfall-lack.de\/#organization\",\"name\":\"Gradtke und Wieczorek Fahrzeuglackierung und Unfallreparatur\",\"url\":\"https:\/\/gw-unfall-lack.de\/\",\"logo\":{\"@type\":\"ImageObject\",\"inLanguage\":\"de\",\"@id\":\"https:\/\/gw-unfall-lack.de\/#\/schema\/logo\/image\/\",\"url\":\"https:\/\/i0.wp.com\/gw-unfall-lack.de\/wp-content\/uploads\/2019\/10\/cropped-Logo_GW-1.png?fit=1233%2C294&ssl=1\",\"contentUrl\":\"https:\/\/i0.wp.com\/gw-unfall-lack.de\/wp-content\/uploads\/2019\/10\/cropped-Logo_GW-1.png?fit=1233%2C294&ssl=1\",\"width\":1233,\"height\":294,\"caption\":\"Gradtke und Wieczorek Fahrzeuglackierung und Unfallreparatur\"},\"image\":{\"@id\":\"https:\/\/gw-unfall-lack.de\/#\/schema\/logo\/image\/\"}}]}<\/script>\n<!-- \/ Yoast SEO plugin. -->","yoast_head_json":{"title":"Impressum - Gradtke und Wieczorek GmbH","description":"Lackierungen, Spot Repair, Industrielackierung, Reparaturen, Unfallreparatur, Autoglasreparatur, Kleinreparaturen, Oldtimerlackierungen uvm.","robots":{"index":"index","follow":"follow","max-snippet":"max-snippet:-1","max-image-preview":"max-image-preview:large","max-video-preview":"max-video-preview:-1"},"canonical":"https:\/\/gw-unfall-lack.de\/?page_id=1067","og_locale":"de_DE","og_type":"article","og_title":"Impressum - Gradtke und Wieczorek GmbH","og_description":"Lackierungen, Spot Repair, Industrielackierung, Reparaturen, Unfallreparatur, Autoglasreparatur, Kleinreparaturen, Oldtimerlackierungen uvm.","og_url":"https:\/\/gw-unfall-lack.de\/?page_id=1067","og_site_name":"Gradtke und Wieczorek GmbH","article_modified_time":"2022-06-03T06:21:04+00:00","twitter_card":"summary_large_image","schema":{"@context":"https:\/\/schema.org","@graph":[{"@type":"WebPage","@id":"https:\/\/gw-unfall-lack.de\/?page_id=1067","url":"https:\/\/gw-unfall-lack.de\/?page_id=1067","name":"Impressum - Gradtke und Wieczorek GmbH","isPartOf":{"@id":"https:\/\/gw-unfall-lack.de\/#website"},"datePublished":"2019-09-27T06:32:56+00:00","dateModified":"2022-06-03T06:21:04+00:00","description":"Lackierungen, Spot Repair, Industrielackierung, Reparaturen, Unfallreparatur, Autoglasreparatur, Kleinreparaturen, Oldtimerlackierungen uvm.","breadcrumb":{"@id":"https:\/\/gw-unfall-lack.de\/?page_id=1067#breadcrumb"},"inLanguage":"de","potentialAction":[{"@type":"ReadAction","target":["https:\/\/gw-unfall-lack.de\/?page_id=1067"]}]},{"@type":"BreadcrumbList","@id":"https:\/\/gw-unfall-lack.de\/?page_id=1067#breadcrumb","itemListElement":[{"@type":"ListItem","position":1,"name":"Startseite","item":"https:\/\/gw-unfall-lack.de\/"},{"@type":"ListItem","position":2,"name":"Impressum"}]},{"@type":"WebSite","@id":"https:\/\/gw-unfall-lack.de\/#website","url":"https:\/\/gw-unfall-lack.de\/","name":"Gradtke und Wieczorek GmbH","description":"Fahrzeuglackierung - Lackierung | Spot Repair | Industrielackierung | Reparatur | Unfallreparatur | Autoglasreparatur","publisher":{"@id":"https:\/\/gw-unfall-lack.de\/#organization"},"potentialAction":[{"@type":"SearchAction","target":{"@type":"EntryPoint","urlTemplate":"https:\/\/gw-unfall-lack.de\/?s={search_term_string}"},"query-input":{"@type":"PropertyValueSpecification","valueRequired":true,"valueName":"search_term_string"}}],"inLanguage":"de"},{"@type":"Organization","@id":"https:\/\/gw-unfall-lack.de\/#organization","name":"Gradtke und Wieczorek Fahrzeuglackierung und Unfallreparatur","url":"https:\/\/gw-unfall-lack.de\/","logo":{"@type":"ImageObject","inLanguage":"de","@id":"https:\/\/gw-unfall-lack.de\/#\/schema\/logo\/image\/","url":"https:\/\/i0.wp.com\/gw-unfall-lack.de\/wp-content\/uploads\/2019\/10\/cropped-Logo_GW-1.png?fit=1233%2C294&ssl=1","contentUrl":"https:\/\/i0.wp.com\/gw-unfall-lack.de\/wp-content\/uploads\/2019\/10\/cropped-Logo_GW-1.png?fit=1233%2C294&ssl=1","width":1233,"height":294,"caption":"Gradtke und Wieczorek Fahrzeuglackierung und Unfallreparatur"},"image":{"@id":"https:\/\/gw-unfall-lack.de\/#\/schema\/logo\/image\/"}}]}},"uagb_featured_image_src":{"full":false,"thumbnail":false,"medium":false,"medium_large":false,"large":false,"1536x1536":false,"2048x2048":false},"uagb_author_info":{"display_name":"cramm","author_link":"https:\/\/gw-unfall-lack.de\/?author=1"},"uagb_comment_info":0,"uagb_excerpt":"IMPRESSUM Gradtke &amp; Wieczorek Fahrzeuglackierung GmbHRevalstra\u00dfe 223560 L\u00fcbeck Tel: 0451 \/ 2903732 Telefax: 0451 \/ 2804834E-Mail: info@gw-unfall-lack.de Homepage: www.gw-unfall-lack.de Gesch\u00e4ftszeiten Mo.-Do.\u00a0\u00a0\u00a0 7:00 &#8211; 17:00 UhrFr.\u00a0\u00a0\u00a0\u00a0\u00a0\u00a0\u00a0\u00a0\u00a0\u00a0\u00a0\u00a0\u00a06:00 &#8211; 13:30 Uhr Gesch\u00e4ftsf\u00fchrung Jens Gradtke und Nico WieczorekSitz der Gesellschaft: L\u00fcbeckHandelsregister: Amtsgericht L\u00fcbeck HRB 5699Steuernummer: 22 290 17592USt-Id Nr. 232355665","jetpack_sharing_enabled":true,"_links":{"self":[{"href":"https:\/\/gw-unfall-lack.de\/index.php?rest_route=\/wp\/v2\/pages\/1067","targetHints":{"allow":["GET"]}}],"collection":[{"href":"https:\/\/gw-unfall-lack.de\/index.php?rest_route=\/wp\/v2\/pages"}],"about":[{"href":"https:\/\/gw-unfall-lack.de\/index.php?rest_route=\/wp\/v2\/types\/page"}],"author":[{"embeddable":true,"href":"https:\/\/gw-unfall-lack.de\/index.php?rest_route=\/wp\/v2\/users\/1"}],"replies":[{"embeddable":true,"href":"https:\/\/gw-unfall-lack.de\/index.php?rest_route=%2Fwp%2Fv2%2Fcomments&post=1067"}],"version-history":[{"count":9,"href":"https:\/\/gw-unfall-lack.de\/index.php?rest_route=\/wp\/v2\/pages\/1067\/revisions"}],"predecessor-version":[{"id":1555,"href":"https:\/\/gw-unfall-lack.de\/index.php?rest_route=\/wp\/v2\/pages\/1067\/revisions\/1555"}],"wp:attachment":[{"href":"https:\/\/gw-unfall-lack.de\/index.php?rest_route=%2Fwp%2Fv2%2Fmedia&parent=1067"}],"curies":[{"name":"wp","href":"https:\/\/api.w.org\/{rel}","templated":true}]}}